{"id":2,"date":"2016-05-10T03:48:21","date_gmt":"2016-05-10T03:48:21","guid":{"rendered":"http:\/\/hlf-cars.com\/?page_id=2"},"modified":"2025-07-23T09:01:27","modified_gmt":"2025-07-23T07:01:27","slug":"impressum","status":"publish","type":"page","link":"https:\/\/hlf-cars.com\/en\/impressum\/","title":{"rendered":"Legal Information"},"content":{"rendered":"<div class=\"wpb-content-wrapper\"><section class=\"vc_section inh pad-t_35 pad-b_35\"><div class=\"vc_row wpb_row row top-row wpb_custom_034b39d9bc6c6b310d69e39f0ccf274f\"><div class=\"vc_column_container col-md-12\"><div class=\"wpb_wrapper vc_column-inner\">\r\n\t<div class=\"wpb_text_column wpb_content_element wpb_custom_7c91d232724f73626cc933bd95b25ff0\" >\r\n\t\t<div class=\"wpb_wrapper\">\r\n\t\t\t<h1>Legal Information<\/h1>\n<p class=\"translation-block\">Hanseatic Lease- &amp; Finance GmbH<br>\r\nCarl-Zeiss-Stra\u00dfe 9<br>\r\n25451 Quickborn<\/p>\n<p>Handelsregister: HRB 18246<br \/>\nRegistergericht: Amtsgericht Pinneberg<\/p>\n<p><strong>Represented by:<\/strong><br \/>\nFrank Meyer<\/p>\n<h2>Contact<\/h2>\n<p>Tele: +49 (0) 40 309 86 88 30<br \/>\nmail: info@hanseaticlease.de<\/p>\n<h2>Sales Tax\/VAT ID<\/h2>\n<p>Sales Tax Identification Number Pursuant to \u00a7 27 a Umsatzsteuergesetz (German Sales Tax Act):<br \/>\nDE308274645<\/p>\n<h2>Professional Liability Insurance Information<\/h2>\n<p><strong>Name and Domicile of the Insurer:<\/strong><br \/>\nAllianz Versicherung<br \/>\nK\u00f6niginstra\u00dfe 28<br \/>\n80802 M\u00fcnchen<\/p>\n<p><strong>Scope of Insurance Coverage:<\/strong><br \/>\nGermany<\/p>\n<h2>Consumer Litigation Settlement\/Universal Arbitration Authority<\/h2>\n<p>Platform of the EU Commission for online litigation settlement: <a href=\"https:\/\/ec.europa.eu\/consumers\/odr\">https:\/\/ec.europa.eu\/consumers\/odr<\/a><br \/>\nWe are neither willing nor under any mandate to participate in arbitration proceedings before a consumer arbitration authority.<\/p>\n<h3>Liability for Contents<\/h3>\n<p>As a service provider we are responsible for our own contents on these sites pursuant to \u00a7 7 Sect.1 TMG in accordance with general law. However, pursuant to \u00a7\u00a7 8 through 10 TMG, we, as a service provider are not mandated to monitor transferred or archived third party information or to research for circumstances that would give rise to suspicion of illegal activities.<\/p>\n<p>This shall be without prejudice to the removal or blockage of the use of information in compliance with general laws. Any affiliated liability assumption shall nonetheless not be possible as of the time of becoming aware of a concrete violation of a law. If respective violations of the law should become evident, we shall promptly remove such content.<\/p>\n<h3>Liability for Links<\/h3>\n<p>Our presentation contains links to third party websites the content of which we cannot impact. Consequently, we cannot assume any warranties for such third party content. The respective provider or operator of such sites is always responsible for the content of these linked pages. The linked pages were verified for potential legal violation at the time they were linked.\nNo illegal content could be identified at the time they were linked.<\/p>\n<p>In the absence of concrete indications of illegal activities, it is, however, not reasonable to exercise permanent content control of the linked page. If respective violations of the law should become evident, we shall promptly remove such content.<\/p>\n<h3>Copyright<\/h3>\n<p>The contents and works on these sites created by the site operator are subject to protection by German copyright legislation. The reproduction, processing, distribution and any type of use outside the copyright boundaries shall be subject to the written consent of the respective author or creator. Downloads and copies of this site shall be permitted only for personal, not commercial use.<\/p>\n<p>As far as the contents of this site were not created by the operator, the respective third party rights shall be respective. In particular, third party content shall be identified as such. If you should nonetheless become aware of a copyright infringement, please send us a respective notice. If respective violations of the law should become evident, we shall promptly remove such content.<\/p>\n<h3>Zentrale Kontaktstelle nach dem Digital Services Act &#8211; DSA (Verordnung (EU) 2022\/265)<\/h3>\n<p>Unsere zentrale Kontaktstelle f\u00fcr Nutzer und Beh\u00f6rden nach Art. 11, 12 DSA erreichen Sie wie folgt:<br \/>\nmail: info@hanseaticlease.de<br \/>\nTelefon: +49 (0) 40 309868830<\/p>\n<p>Die f\u00fcr den Kontakt zur Verf\u00fcgung stehenden Sprachen sind: Deutsch, Englisch.<\/p>\n<p>Source: <a href=\"https:\/\/www.e-recht24.de\">e-recht24.de<\/a><\/p>\n\r\n\t\t<\/div>\r\n\t<\/div>\r\n<\/div><\/div><\/div><\/section>\n<\/div>","protected":false},"excerpt":{"rendered":"Impressum Hanseatic Lease- &amp; Finance GmbH Carl-Zeiss-Stra\u00dfe 9 25451 Quickborn Handelsregister: HRB 18246 Registergericht: Amtsgericht Pinneberg Vertreten durch: Frank Meyer Kontakt Tele: +49 (0) 40 309 86 88 30 E-Mail: info@hanseaticlease.de Umsatzsteuer-ID Umsatzsteuer-Identifikationsnummer gem\u00e4\u00df \u00a7 27 a Umsatzsteuergesetz: DE308274645 Angaben zur Berufshaftpflichtversicherung Name und Sitz des Versicherers: Allianz Versicherung K\u00f6niginstra\u00dfe 28 80802 M\u00fcnchen Geltungsraum der [...]","protected":false},"author":1,"featured_media":0,"parent":0,"menu_order":0,"comment_status":"closed","ping_status":"open","template":"","meta":{"footnotes":""},"class_list":["post-2","page","type-page","status-publish","hentry"],"_links":{"self":[{"href":"https:\/\/hlf-cars.com\/en\/wp-json\/wp\/v2\/pages\/2","targetHints":{"allow":["GET"]}}],"collection":[{"href":"https:\/\/hlf-cars.com\/en\/wp-json\/wp\/v2\/pages"}],"about":[{"href":"https:\/\/hlf-cars.com\/en\/wp-json\/wp\/v2\/types\/page"}],"author":[{"embeddable":true,"href":"https:\/\/hlf-cars.com\/en\/wp-json\/wp\/v2\/users\/1"}],"replies":[{"embeddable":true,"href":"https:\/\/hlf-cars.com\/en\/wp-json\/wp\/v2\/comments?post=2"}],"version-history":[{"count":0,"href":"https:\/\/hlf-cars.com\/en\/wp-json\/wp\/v2\/pages\/2\/revisions"}],"wp:attachment":[{"href":"https:\/\/hlf-cars.com\/en\/wp-json\/wp\/v2\/media?parent=2"}],"curies":[{"name":"wp","href":"https:\/\/api.w.org\/{rel}","templated":true}]}}