{"id":97,"date":"2020-04-23T08:25:24","date_gmt":"2020-04-23T08:25:24","guid":{"rendered":"https:\/\/hlf-cars.com\/?page_id=97"},"modified":"2022-01-20T11:31:28","modified_gmt":"2022-01-20T10:31:28","slug":"ueber-uns","status":"publish","type":"page","link":"https:\/\/hlf-cars.com\/en\/ueber-uns\/","title":{"rendered":"about us"},"content":{"rendered":"<div class=\"wpb-content-wrapper\"><div data-vc-full-width=\"true\" data-vc-full-width-init=\"false\" data-vc-stretch-content=\"true\" class=\"vc_row wpb_row row top-row vc_row-no-padding wpb_custom_034b39d9bc6c6b310d69e39f0ccf274f\"><div class=\"vc_column_container col-md-12\"><div class=\"wpb_wrapper vc_column-inner\">\r\n\t<div class=\"wpb_single_image wpb_content_element vc_align_center wpb_content_element  wpb_custom_81a4f7ef9830bf958462581aa01150fb\"><div class=\"wpb_wrapper\">\r\n\t\t\t\r\n\t\t\t<div class=\"vc_single_image-wrapper   vc_box_border_grey\"><img loading=\"lazy\" decoding=\"async\" width=\"2500\" height=\"972\" src=\"https:\/\/hlf-cars.com\/wp-content\/uploads\/2022\/01\/ferrari_f8.jpg\" class=\"vc_single_image-img attachment-full\" alt=\"\" title=\"ferrari_f8\" srcset=\"https:\/\/hlf-cars.com\/wp-content\/uploads\/2022\/01\/ferrari_f8.jpg 2500w, https:\/\/hlf-cars.com\/wp-content\/uploads\/2022\/01\/ferrari_f8-1024x398.jpg 1024w, https:\/\/hlf-cars.com\/wp-content\/uploads\/2022\/01\/ferrari_f8-768x299.jpg 768w, https:\/\/hlf-cars.com\/wp-content\/uploads\/2022\/01\/ferrari_f8-1536x597.jpg 1536w, https:\/\/hlf-cars.com\/wp-content\/uploads\/2022\/01\/ferrari_f8-2048x796.jpg 2048w, https:\/\/hlf-cars.com\/wp-content\/uploads\/2022\/01\/ferrari_f8-640x249.jpg 640w, https:\/\/hlf-cars.com\/wp-content\/uploads\/2022\/01\/ferrari_f8-400x156.jpg 400w, https:\/\/hlf-cars.com\/wp-content\/uploads\/2022\/01\/ferrari_f8-367x143.jpg 367w\" sizes=\"auto, (max-width: 2500px) 100vw, 2500px\" \/><\/div>\r\n\t\t<\/div>\r\n\t<\/div>\r\n<\/div><\/div><\/div><div class=\"vc_row-full-width vc_clearfix\"><\/div><section class=\"vc_section inh pad-t_35 pad-b_35\"><div class=\"vc_row wpb_row row top-row wpb_custom_034b39d9bc6c6b310d69e39f0ccf274f\"><div class=\"vc_column_container col-md-12\"><div class=\"wpb_wrapper vc_column-inner\"><div class=\"porto-u-heading  wpb_custom_95aa9a11c17ad45cfabaf210d84ee7cc porto-u-ad87e2eaf3f9c495180fe0156ddf3eb0\"><div class=\"porto-u-main-heading\"><h2   style=\"color:#295b9b;\">The Company<\/h2><\/div><style>.porto-u-ad87e2eaf3f9c495180fe0156ddf3eb0.porto-u-heading{text-align:left}<\/style><\/div><\/div><\/div><\/div><div class=\"vc_row wpb_row row top-row wpb_custom_034b39d9bc6c6b310d69e39f0ccf274f\"><div class=\"vc_column_container col-md-8\"><div class=\"wpb_wrapper vc_column-inner\">\r\n\t<div class=\"wpb_text_column wpb_content_element wpb_custom_7c91d232724f73626cc933bd95b25ff0\" >\r\n\t\t<div class=\"wpb_wrapper\">\r\n\t\t\t<p>Hanseatic Lease- &amp; Finance GmbH has specialized on wholesaling and export trading of luxury vehicles of every brand. Since 2016 the company built up a large network of suppliers, customers and business partners and made a steady and healthy economic growth.<\/p>\n\r\n\t\t<\/div>\r\n\t<\/div>\r\n\r\n\t<div class=\"wpb_text_column wpb_content_element vc_custom_1588908926084 wpb_custom_7c91d232724f73626cc933bd95b25ff0\" >\r\n\t\t<div class=\"wpb_wrapper\">\r\n\t\t\t<p>In accordance with this growth, HLF Cars now consists of a team that is not only highly motivated and dedicated, but also distinguishes with a high expertise and professionel competence:<\/p>\n<ul>\n<li>20 years of extraordinary experience in the luxury vehicle branch<\/li>\n<li>Sales Qualification<\/li>\n<li>Knowledge of finance and tax terms in foreign trading<\/li>\n<li>Aptitude of training apprentices<\/li>\n<li>Flexibility and Solution-orientated<\/li>\n<\/ul>\n\r\n\t\t<\/div>\r\n\t<\/div>\r\n\r\n\t<div class=\"wpb_text_column wpb_content_element wpb_custom_7c91d232724f73626cc933bd95b25ff0\" >\r\n\t\t<div class=\"wpb_wrapper\">\r\n\t\t\t<p>In order to meet the high demand and the associated logistical challenge, the operational and representative facility in Quickborn was created in January 2020.<\/p>\n\r\n\t\t<\/div>\r\n\t<\/div>\r\n<\/div><\/div><div class=\"vc_column_container col-md-2\"><div class=\"wpb_wrapper vc_column-inner\">\r\n\t<div class=\"wpb_single_image wpb_content_element vc_align_center wpb_content_element   gro3 wpb_custom_81a4f7ef9830bf958462581aa01150fb\"><div class=\"wpb_wrapper\">\r\n\t\t\t\r\n\t\t\t<div class=\"vc_single_image-wrapper   vc_box_border_grey\"><img loading=\"lazy\" decoding=\"async\" width=\"300\" height=\"225\" src=\"https:\/\/hlf-cars.com\/wp-content\/uploads\/2022\/01\/Bentley_Uhr_cockpit.jpg\" class=\"vc_single_image-img attachment-medium\" alt=\"\" title=\"Bentley_Uhr_cockpit\" \/><\/div>\r\n\t\t<\/div>\r\n\t<\/div>\r\n\r\n\t<div class=\"wpb_single_image wpb_content_element vc_align_center wpb_content_element   gro wpb_custom_81a4f7ef9830bf958462581aa01150fb\"><div class=\"wpb_wrapper\">\r\n\t\t\t\r\n\t\t\t<div class=\"vc_single_image-wrapper   vc_box_border_grey\"><img loading=\"lazy\" decoding=\"async\" width=\"300\" height=\"225\" src=\"https:\/\/hlf-cars.com\/wp-content\/uploads\/2022\/01\/mercedes_amg_felge.jpg\" class=\"vc_single_image-img attachment-medium\" alt=\"\" title=\"mercedes_amg_felge\" \/><\/div>\r\n\t\t<\/div>\r\n\t<\/div>\r\n\r\n\t<div class=\"wpb_single_image wpb_content_element vc_align_center wpb_content_element   gro wpb_custom_81a4f7ef9830bf958462581aa01150fb\"><div class=\"wpb_wrapper\">\r\n\t\t\t\r\n\t\t\t<div class=\"vc_single_image-wrapper   vc_box_border_grey\"><img loading=\"lazy\" decoding=\"async\" width=\"300\" height=\"225\" src=\"https:\/\/hlf-cars.com\/wp-content\/uploads\/2022\/01\/lamborghini_detail.jpg\" class=\"vc_single_image-img attachment-medium\" alt=\"\" title=\"lamborghini_detail\" \/><\/div>\r\n\t\t<\/div>\r\n\t<\/div>\r\n\r\n\t<div class=\"wpb_single_image wpb_content_element vc_align_center wpb_content_element   gro wpb_custom_81a4f7ef9830bf958462581aa01150fb\"><div class=\"wpb_wrapper\">\r\n\t\t\t\r\n\t\t\t<div class=\"vc_single_image-wrapper   vc_box_border_grey\"><img loading=\"lazy\" decoding=\"async\" width=\"300\" height=\"225\" src=\"https:\/\/hlf-cars.com\/wp-content\/uploads\/2022\/01\/bentayga_transport.jpg\" class=\"vc_single_image-img attachment-medium\" alt=\"\" title=\"bentayga_transport\" \/><\/div>\r\n\t\t<\/div>\r\n\t<\/div>\r\n<\/div><\/div><div class=\"vc_column_container col-md-2\"><div class=\"wpb_wrapper vc_column-inner\">\r\n\t<div class=\"wpb_single_image wpb_content_element vc_align_center wpb_content_element   gro wpb_custom_81a4f7ef9830bf958462581aa01150fb\"><div class=\"wpb_wrapper\">\r\n\t\t\t\r\n\t\t\t<div class=\"vc_single_image-wrapper   vc_box_border_grey\"><img loading=\"lazy\" decoding=\"async\" width=\"300\" height=\"225\" src=\"https:\/\/hlf-cars.com\/wp-content\/uploads\/2022\/01\/bentley_innenraum.jpg\" class=\"vc_single_image-img attachment-medium\" alt=\"\" title=\"bentley_innenraum\" \/><\/div>\r\n\t\t<\/div>\r\n\t<\/div>\r\n\r\n\t<div class=\"wpb_single_image wpb_content_element vc_align_center wpb_content_element   gro wpb_custom_81a4f7ef9830bf958462581aa01150fb\"><div class=\"wpb_wrapper\">\r\n\t\t\t\r\n\t\t\t<div class=\"vc_single_image-wrapper   vc_box_border_grey\"><img loading=\"lazy\" decoding=\"async\" width=\"300\" height=\"225\" src=\"https:\/\/hlf-cars.com\/wp-content\/uploads\/2022\/01\/maybach.jpg\" class=\"vc_single_image-img attachment-medium\" alt=\"\" title=\"maybach\" \/><\/div>\r\n\t\t<\/div>\r\n\t<\/div>\r\n\r\n\t<div class=\"wpb_single_image wpb_content_element vc_align_center wpb_content_element   gro wpb_custom_81a4f7ef9830bf958462581aa01150fb\"><div class=\"wpb_wrapper\">\r\n\t\t\t\r\n\t\t\t<div class=\"vc_single_image-wrapper   vc_box_border_grey\"><img loading=\"lazy\" decoding=\"async\" width=\"300\" height=\"225\" src=\"https:\/\/hlf-cars.com\/wp-content\/uploads\/2022\/01\/ferrari_transport.jpg\" class=\"vc_single_image-img attachment-medium\" alt=\"\" title=\"ferrari_transport\" \/><\/div>\r\n\t\t<\/div>\r\n\t<\/div>\r\n\r\n\t<div class=\"wpb_single_image wpb_content_element vc_align_center wpb_content_element   gro wpb_custom_81a4f7ef9830bf958462581aa01150fb\"><div class=\"wpb_wrapper\">\r\n\t\t\t\r\n\t\t\t<div class=\"vc_single_image-wrapper   vc_box_border_grey\"><img loading=\"lazy\" decoding=\"async\" width=\"300\" height=\"225\" src=\"https:\/\/hlf-cars.com\/wp-content\/uploads\/2022\/01\/mercedes_bentley.jpg\" class=\"vc_single_image-img attachment-medium\" alt=\"\" title=\"mercedes_bentley\" \/><\/div>\r\n\t\t<\/div>\r\n\t<\/div>\r\n<\/div><\/div><\/div><\/section>\n<\/div>","protected":false},"excerpt":{"rendered":"Das Unternehmen Die Hanseatic Lease-&amp; Finance GmbH hat sich auf den Gro\u00dfhandel und Export von Luxusfahrzeugen aller Art spezialisiert und hat seit der Gr\u00fcndung im Jahr 2016 durch das gro\u00dfe Lieferanten-, Kunden- und Dienstleisternetzwerk ein stetiges und gesundes wirtschaftliches Wachstum durchlaufen. Im Rahmen eben jenes Wachstums besteht HLF Cars seit Juni 2019 aus einem vollst\u00e4ndigen [...]","protected":false},"author":1,"featured_media":0,"parent":0,"menu_order":0,"comment_status":"closed","ping_status":"closed","template":"","meta":{"footnotes":""},"class_list":["post-97","page","type-page","status-publish","hentry"],"_links":{"self":[{"href":"https:\/\/hlf-cars.com\/en\/wp-json\/wp\/v2\/pages\/97","targetHints":{"allow":["GET"]}}],"collection":[{"href":"https:\/\/hlf-cars.com\/en\/wp-json\/wp\/v2\/pages"}],"about":[{"href":"https:\/\/hlf-cars.com\/en\/wp-json\/wp\/v2\/types\/page"}],"author":[{"embeddable":true,"href":"https:\/\/hlf-cars.com\/en\/wp-json\/wp\/v2\/users\/1"}],"replies":[{"embeddable":true,"href":"https:\/\/hlf-cars.com\/en\/wp-json\/wp\/v2\/comments?post=97"}],"version-history":[{"count":0,"href":"https:\/\/hlf-cars.com\/en\/wp-json\/wp\/v2\/pages\/97\/revisions"}],"wp:attachment":[{"href":"https:\/\/hlf-cars.com\/en\/wp-json\/wp\/v2\/media?parent=97"}],"curies":[{"name":"wp","href":"https:\/\/api.w.org\/{rel}","templated":true}]}}